{"id":384192,"date":"2021-04-16T12:48:29","date_gmt":"2021-04-16T15:48:29","guid":{"rendered":"http:\/\/www.oitaperunense.com.br\/site\/?page_id=384192"},"modified":"2021-04-16T12:49:19","modified_gmt":"2021-04-16T15:49:19","slug":"programa-de-estagio-da-firjan-esta-com-inscricoes-abertas-para-cursos-tecnicos-e-universitarios","status":"publish","type":"page","link":"https:\/\/www.oitaperunense.com.br\/site\/programa-de-estagio-da-firjan-esta-com-inscricoes-abertas-para-cursos-tecnicos-e-universitarios\/","title":{"rendered":"Programa de Est\u00e1gio da Firjan est\u00e1 com inscri\u00e7\u00f5es abertas para cursos t\u00e9cnicos e universit\u00e1rios"},"content":{"rendered":"<p class=\"yiv8326718928MsoNormal\" style=\"text-align: justify;\">Vagas para estudantes de diversas \u00e1reas, em uma grande empresa com todas as \u00e1reas eleg\u00edveis, \u00e9 o que oferece o Novo Programa de Est\u00e1gio 2021 da Firjan para alunos da \u00e1rea t\u00e9cnica e do ensino universit\u00e1rio. Com inscri\u00e7\u00f5es abertas durante o m\u00eas de abril, o est\u00e1gio tem dura\u00e7\u00e3o de seis meses a dois anos e carga hor\u00e1ria de quatro ou seis horas di\u00e1rias, com benef\u00edcios que incluem bolsa-aux\u00edlio, vale-refei\u00e7\u00e3o, aux\u00edlio-transporte, seguro de vida e recesso.&nbsp;<strong>Roberta Pires Aguirre (FOTO)<\/strong> \u00e9 a mais nova estagi\u00e1ria do Laborat\u00f3rio de Microbiologia da institui\u00e7\u00e3o, na Tijuca. H\u00e1 pouco mais de um m\u00eas no novo trabalho, ela afirma que j\u00e1 acumula alguma pr\u00e1tica.<\/p>\n<p><!--more--><\/p>\n<p class=\"yiv8326718928MsoNormal\" style=\"text-align: justify;\">O processo de sele\u00e7\u00e3o do programa come\u00e7a com a inscri\u00e7\u00e3o on-line no site da Firjan &nbsp;<a href=\"https:\/\/nam02.safelinks.protection.outlook.com\/?url=http%3A%2F%2Fwww.firjan.com.br%2Fprogramadeestagio&amp;data=04%7C01%7Cfesgomes%40firjan.com.br%7Cc199f94b4a97466dc0e008d8ff7dcc09%7Cd0c698d4e4ea4ee9a79df2d7a78399c8%7C0%7C0%7C637540263104391063%7CUnknown%7CTWFpbGZsb3d8eyJWIjoiMC4wLjAwMDAiLCJQIjoiV2luMzIiLCJBTiI6Ik1haWwiLCJXVCI6Mn0%3D%7C1000&amp;sdata=NVmFrKKxjfn1NP1cg%2BPks3oa353yOXcZxR6pZepqsi0%3D&amp;reserved=0\" target=\"_blank\" rel=\"nofollow noopener noreferrer\">www.firjan.com.br\/programadeestagio<\/a>, seguida de entrevistas individuais, resolu\u00e7\u00e3o de cases, conversa de alinhamento e painel final.<\/p>\n<p class=\"yiv8326718928MsoNormal\" style=\"text-align: justify;\">Estudantes de cursos t\u00e9cnicos, inclui tamb\u00e9m os mais de 20 cursos da Firjan SENAI, e universit\u00e1rios est\u00e3o aptos a entrar no Programa de Est\u00e1gio, que engloba diversas \u00e1reas de atua\u00e7\u00e3o: Competitividade; Comunica\u00e7\u00e3o; Desenvolvimento e Inova\u00e7\u00e3o; Educa\u00e7\u00e3o; Gest\u00e3o de Pessoas; Integridade Corporativa; Jur\u00eddico; Neg\u00f3cios; Petr\u00f3leo, G\u00e1s e Naval; Planejamento e Finan\u00e7as; Planejamento Estrat\u00e9gico; Relacionamento; Rela\u00e7\u00f5es Institucionais; Sa\u00fade e Seguran\u00e7a do Trabalho; Suprimentos e Servi\u00e7os; Tecnologia da Informa\u00e7\u00e3o; e Tecnologia e Inova\u00e7\u00e3o.<\/p>\n<p class=\"yiv8326718928MsoNormal\" style=\"text-align: justify;\">O objetivo do programa, previsto para come\u00e7ar a partir de junho, \u00e9 levar aos estudantes a oportunidade de complementar a sua forma\u00e7\u00e3o escolar, por meio de experi\u00eancias profissionais e de a\u00e7\u00f5es de desenvolvimento que promovam o aperfei\u00e7oamento t\u00e9cnico, cultural e de relacionamento humano.<\/p>\n<p class=\"yiv8326718928MsoNormal\" style=\"text-align: justify;\">\u201cO Programa de Est\u00e1gio da Firjan contribui na forma\u00e7\u00e3o de novas gera\u00e7\u00f5es de profissionais e a criar e manter um esp\u00edrito de renova\u00e7\u00e3o, de oxigena\u00e7\u00e3o permanente para a Firjan e para as empresas, que posteriormente aproveitam nossos estagi\u00e1rios\u201d, enfatiza Delmo Meireles, gerente de Sele\u00e7\u00e3o e Administra\u00e7\u00e3o de Pessoal da Firjan.<\/p>\n<p class=\"yiv8326718928MsoNormal\" style=\"text-align: justify;\"><b>Desenvolvimento<\/b><\/p>\n<p class=\"yiv8326718928MsoNormal\" style=\"text-align: justify;\">Para permitir um acompanhamento mais pr\u00f3ximo do estagi\u00e1rio, o novo programa prev\u00ea a realiza\u00e7\u00e3o de uma trilha de desenvolvimento, ou seja, momentos de capacita\u00e7\u00e3o sobre as tem\u00e1ticas mais atuais para o profissional; roteiriza\u00e7\u00e3o de eventos, abordando fatores t\u00e9cnicos da forma\u00e7\u00e3o acad\u00eamica universit\u00e1ria ou da escola t\u00e9cnica; e a cria\u00e7\u00e3o da liga dos estagi\u00e1rios, um canal de comunica\u00e7\u00e3o para discuss\u00e3o e sugest\u00f5es, at\u00e9 mesmo de rodas de di\u00e1logo com executivos da federa\u00e7\u00e3o.<\/p>\n<p class=\"yiv8326718928MsoNormal\" style=\"text-align: justify;\">Meireles chama a aten\u00e7\u00e3o para o fato de o est\u00e1gio ser totalmente pr\u00e1tico, e o jovem se envolver em todas as tarefas. \u201cOs estagi\u00e1rios t\u00eam a oportunidade de vivenciar o dia a dia da profiss\u00e3o, por meio de experi\u00eancias pr\u00e1ticas, participando ativamente da rotina, dos processos e dos projetos da empresa\u201d, acrescenta.<\/p>\n<p class=\"yiv8326718928MsoNormal\" style=\"text-align: justify;\">Roberta Pires Aguirre&nbsp;\u00e9 a mais nova estagi\u00e1ria do Laborat\u00f3rio de Microbiologia da institui\u00e7\u00e3o, na Tijuca. H\u00e1 pouco mais de um m\u00eas no novo trabalho, ela afirma que j\u00e1 acumula alguma pr\u00e1tica. \u201cEstou fazendo an\u00e1lises e contagem de bact\u00e9rias e de fungos, por exemplo, que s\u00e3o experi\u00eancias novas e agregam muito valor, ainda mais adquiridas na Firjan, uma institui\u00e7\u00e3o reconhecida\u201d, destaca ela, que estuda para ser t\u00e9cnica em Qu\u00edmica.<\/p>\n<p class=\"yiv8326718928MsoNormal\" style=\"text-align: justify;\">O est\u00e1gio para o n\u00edvel t\u00e9cnico tem carga hor\u00e1ria de 20 horas semanais (4 horas di\u00e1rias) e o aluno deve se formar entre os meses de julho e dezembro de 2022. J\u00e1 a carga hor\u00e1ria para o n\u00edvel superior \u00e9 de 20 horas ou 30 horas semanais (4 horas ou 6 horas di\u00e1rias) para estudantes a partir do 3\u00ba per\u00edodo da faculdade, com formatura prevista para julho de 2023.<\/p>\n<p class=\"yiv8326718928MsoNormal\" style=\"text-align: justify;\">Mais informa\u00e7\u00f5es e inscri\u00e7\u00f5es no site da Firjan:&nbsp;<a href=\"https:\/\/nam02.safelinks.protection.outlook.com\/?url=http%3A%2F%2Fwww.firjan.com.br%2Fprogramadeestagio&amp;data=04%7C01%7Cfesgomes%40firjan.com.br%7Cc199f94b4a97466dc0e008d8ff7dcc09%7Cd0c698d4e4ea4ee9a79df2d7a78399c8%7C0%7C0%7C637540263104401056%7CUnknown%7CTWFpbGZsb3d8eyJWIjoiMC4wLjAwMDAiLCJQIjoiV2luMzIiLCJBTiI6Ik1haWwiLCJXVCI6Mn0%3D%7C1000&amp;sdata=mz3FRD%2BiRIiXZGdl8CJzb8PZo%2BLp3D%2B%2FdWTnDQjACTY%3D&amp;reserved=0\" target=\"_blank\" rel=\"nofollow noopener noreferrer\">www.firjan.com.br\/programadeestagio<\/a><\/p>\n<p class=\"yiv8326718928MsoNormal\">Felipe S\u00e1les\/Assessor de Imprensa<\/p>\n","protected":false},"excerpt":{"rendered":"<p>Vagas para estudantes de diversas \u00e1reas, em uma grande empresa com todas as \u00e1reas eleg\u00edveis, \u00e9 o que oferece o Novo Programa de Est\u00e1gio 2021 da Firjan para alunos da \u00e1rea t\u00e9cnica e do ensino universit\u00e1rio. Com inscri\u00e7\u00f5es abertas durante o m\u00eas de abril, o est\u00e1gio tem dura\u00e7\u00e3o de seis meses a dois anos e [&hellip;]<\/p>\n","protected":false},"author":19,"featured_media":384193,"parent":0,"menu_order":0,"comment_status":"closed","ping_status":"closed","template":"","meta":{"ngg_post_thumbnail":0,"footnotes":""},"class_list":["post-384192","page","type-page","status-publish","has-post-thumbnail","hentry"],"yoast_head":"<!-- This site is optimized with the Yoast SEO plugin v20.11 - https:\/\/yoast.com\/wordpress\/plugins\/seo\/ -->\n<title>Programa de Est\u00e1gio da Firjan est\u00e1 com inscri\u00e7\u00f5es abertas para cursos t\u00e9cnicos e universit\u00e1rios - O Itaperunense<\/title>\n<meta name=\"robots\" content=\"index, follow, max-snippet:-1, max-image-preview:large, max-video-preview:-1\" \/>\n<link rel=\"canonical\" href=\"https:\/\/www.oitaperunense.com.br\/site\/programa-de-estagio-da-firjan-esta-com-inscricoes-abertas-para-cursos-tecnicos-e-universitarios\/\" \/>\n<meta property=\"og:locale\" content=\"pt_BR\" \/>\n<meta property=\"og:type\" content=\"article\" \/>\n<meta property=\"og:title\" content=\"Programa de Est\u00e1gio da Firjan est\u00e1 com inscri\u00e7\u00f5es abertas para cursos t\u00e9cnicos e universit\u00e1rios - O Itaperunense\" \/>\n<meta property=\"og:description\" content=\"Vagas para estudantes de diversas \u00e1reas, em uma grande empresa com todas as \u00e1reas eleg\u00edveis, \u00e9 o que oferece o Novo Programa de Est\u00e1gio 2021 da Firjan para alunos da \u00e1rea t\u00e9cnica e do ensino universit\u00e1rio. Com inscri\u00e7\u00f5es abertas durante o m\u00eas de abril, o est\u00e1gio tem dura\u00e7\u00e3o de seis meses a dois anos e [&hellip;]\" \/>\n<meta property=\"og:url\" content=\"https:\/\/www.oitaperunense.com.br\/site\/programa-de-estagio-da-firjan-esta-com-inscricoes-abertas-para-cursos-tecnicos-e-universitarios\/\" \/>\n<meta property=\"og:site_name\" content=\"O Itaperunense\" \/>\n<meta property=\"article:publisher\" content=\"https:\/\/www.facebook.com\/jornaloitaperunense\" \/>\n<meta property=\"article:modified_time\" content=\"2021-04-16T15:49:19+00:00\" \/>\n<meta property=\"og:image\" content=\"https:\/\/www.oitaperunense.com.br\/site\/wp-content\/uploads\/2021\/04\/Roberta-Pires-Aguirre\u00a9vinicius-magalhaes_6144.jpg\" \/>\n\t<meta property=\"og:image:width\" content=\"700\" \/>\n\t<meta property=\"og:image:height\" content=\"467\" \/>\n\t<meta property=\"og:image:type\" content=\"image\/jpeg\" \/>\n<meta name=\"twitter:card\" content=\"summary_large_image\" \/>\n<meta name=\"twitter:label1\" content=\"Est. tempo de leitura\" \/>\n\t<meta name=\"twitter:data1\" content=\"3 minutos\" \/>\n<script type=\"application\/ld+json\" class=\"yoast-schema-graph\">{\"@context\":\"https:\/\/schema.org\",\"@graph\":[{\"@type\":\"WebPage\",\"@id\":\"https:\/\/www.oitaperunense.com.br\/site\/programa-de-estagio-da-firjan-esta-com-inscricoes-abertas-para-cursos-tecnicos-e-universitarios\/\",\"url\":\"https:\/\/www.oitaperunense.com.br\/site\/programa-de-estagio-da-firjan-esta-com-inscricoes-abertas-para-cursos-tecnicos-e-universitarios\/\",\"name\":\"Programa de Est\u00e1gio da Firjan est\u00e1 com inscri\u00e7\u00f5es abertas para cursos t\u00e9cnicos e universit\u00e1rios - O Itaperunense\",\"isPartOf\":{\"@id\":\"https:\/\/www.oitaperunense.com.br\/site\/#website\"},\"datePublished\":\"2021-04-16T15:48:29+00:00\",\"dateModified\":\"2021-04-16T15:49:19+00:00\",\"breadcrumb\":{\"@id\":\"https:\/\/www.oitaperunense.com.br\/site\/programa-de-estagio-da-firjan-esta-com-inscricoes-abertas-para-cursos-tecnicos-e-universitarios\/#breadcrumb\"},\"inLanguage\":\"pt-BR\",\"potentialAction\":[{\"@type\":\"ReadAction\",\"target\":[\"https:\/\/www.oitaperunense.com.br\/site\/programa-de-estagio-da-firjan-esta-com-inscricoes-abertas-para-cursos-tecnicos-e-universitarios\/\"]}]},{\"@type\":\"BreadcrumbList\",\"@id\":\"https:\/\/www.oitaperunense.com.br\/site\/programa-de-estagio-da-firjan-esta-com-inscricoes-abertas-para-cursos-tecnicos-e-universitarios\/#breadcrumb\",\"itemListElement\":[{\"@type\":\"ListItem\",\"position\":1,\"name\":\"Home\",\"item\":\"https:\/\/www.oitaperunense.com.br\/site\/\"},{\"@type\":\"ListItem\",\"position\":2,\"name\":\"Programa de Est\u00e1gio da Firjan est\u00e1 com inscri\u00e7\u00f5es abertas para cursos t\u00e9cnicos e universit\u00e1rios\"}]},{\"@type\":\"WebSite\",\"@id\":\"https:\/\/www.oitaperunense.com.br\/site\/#website\",\"url\":\"https:\/\/www.oitaperunense.com.br\/site\/\",\"name\":\"O Itaperunense\",\"description\":\"\",\"potentialAction\":[{\"@type\":\"SearchAction\",\"target\":{\"@type\":\"EntryPoint\",\"urlTemplate\":\"https:\/\/www.oitaperunense.com.br\/site\/?s={search_term_string}\"},\"query-input\":\"required name=search_term_string\"}],\"inLanguage\":\"pt-BR\"}]}<\/script>\n<!-- \/ Yoast SEO plugin. -->","yoast_head_json":{"title":"Programa de Est\u00e1gio da Firjan est\u00e1 com inscri\u00e7\u00f5es abertas para cursos t\u00e9cnicos e universit\u00e1rios - O Itaperunense","robots":{"index":"index","follow":"follow","max-snippet":"max-snippet:-1","max-image-preview":"max-image-preview:large","max-video-preview":"max-video-preview:-1"},"canonical":"https:\/\/www.oitaperunense.com.br\/site\/programa-de-estagio-da-firjan-esta-com-inscricoes-abertas-para-cursos-tecnicos-e-universitarios\/","og_locale":"pt_BR","og_type":"article","og_title":"Programa de Est\u00e1gio da Firjan est\u00e1 com inscri\u00e7\u00f5es abertas para cursos t\u00e9cnicos e universit\u00e1rios - O Itaperunense","og_description":"Vagas para estudantes de diversas \u00e1reas, em uma grande empresa com todas as \u00e1reas eleg\u00edveis, \u00e9 o que oferece o Novo Programa de Est\u00e1gio 2021 da Firjan para alunos da \u00e1rea t\u00e9cnica e do ensino universit\u00e1rio. Com inscri\u00e7\u00f5es abertas durante o m\u00eas de abril, o est\u00e1gio tem dura\u00e7\u00e3o de seis meses a dois anos e [&hellip;]","og_url":"https:\/\/www.oitaperunense.com.br\/site\/programa-de-estagio-da-firjan-esta-com-inscricoes-abertas-para-cursos-tecnicos-e-universitarios\/","og_site_name":"O Itaperunense","article_publisher":"https:\/\/www.facebook.com\/jornaloitaperunense","article_modified_time":"2021-04-16T15:49:19+00:00","og_image":[{"width":700,"height":467,"url":"https:\/\/www.oitaperunense.com.br\/site\/wp-content\/uploads\/2021\/04\/Roberta-Pires-Aguirre\u00a9vinicius-magalhaes_6144.jpg","type":"image\/jpeg"}],"twitter_card":"summary_large_image","twitter_misc":{"Est. tempo de leitura":"3 minutos"},"schema":{"@context":"https:\/\/schema.org","@graph":[{"@type":"WebPage","@id":"https:\/\/www.oitaperunense.com.br\/site\/programa-de-estagio-da-firjan-esta-com-inscricoes-abertas-para-cursos-tecnicos-e-universitarios\/","url":"https:\/\/www.oitaperunense.com.br\/site\/programa-de-estagio-da-firjan-esta-com-inscricoes-abertas-para-cursos-tecnicos-e-universitarios\/","name":"Programa de Est\u00e1gio da Firjan est\u00e1 com inscri\u00e7\u00f5es abertas para cursos t\u00e9cnicos e universit\u00e1rios - O Itaperunense","isPartOf":{"@id":"https:\/\/www.oitaperunense.com.br\/site\/#website"},"datePublished":"2021-04-16T15:48:29+00:00","dateModified":"2021-04-16T15:49:19+00:00","breadcrumb":{"@id":"https:\/\/www.oitaperunense.com.br\/site\/programa-de-estagio-da-firjan-esta-com-inscricoes-abertas-para-cursos-tecnicos-e-universitarios\/#breadcrumb"},"inLanguage":"pt-BR","potentialAction":[{"@type":"ReadAction","target":["https:\/\/www.oitaperunense.com.br\/site\/programa-de-estagio-da-firjan-esta-com-inscricoes-abertas-para-cursos-tecnicos-e-universitarios\/"]}]},{"@type":"BreadcrumbList","@id":"https:\/\/www.oitaperunense.com.br\/site\/programa-de-estagio-da-firjan-esta-com-inscricoes-abertas-para-cursos-tecnicos-e-universitarios\/#breadcrumb","itemListElement":[{"@type":"ListItem","position":1,"name":"Home","item":"https:\/\/www.oitaperunense.com.br\/site\/"},{"@type":"ListItem","position":2,"name":"Programa de Est\u00e1gio da Firjan est\u00e1 com inscri\u00e7\u00f5es abertas para cursos t\u00e9cnicos e universit\u00e1rios"}]},{"@type":"WebSite","@id":"https:\/\/www.oitaperunense.com.br\/site\/#website","url":"https:\/\/www.oitaperunense.com.br\/site\/","name":"O Itaperunense","description":"","potentialAction":[{"@type":"SearchAction","target":{"@type":"EntryPoint","urlTemplate":"https:\/\/www.oitaperunense.com.br\/site\/?s={search_term_string}"},"query-input":"required name=search_term_string"}],"inLanguage":"pt-BR"}]}},"_links":{"self":[{"href":"https:\/\/www.oitaperunense.com.br\/site\/wp-json\/wp\/v2\/pages\/384192","targetHints":{"allow":["GET"]}}],"collection":[{"href":"https:\/\/www.oitaperunense.com.br\/site\/wp-json\/wp\/v2\/pages"}],"about":[{"href":"https:\/\/www.oitaperunense.com.br\/site\/wp-json\/wp\/v2\/types\/page"}],"author":[{"embeddable":true,"href":"https:\/\/www.oitaperunense.com.br\/site\/wp-json\/wp\/v2\/users\/19"}],"replies":[{"embeddable":true,"href":"https:\/\/www.oitaperunense.com.br\/site\/wp-json\/wp\/v2\/comments?post=384192"}],"version-history":[{"count":1,"href":"https:\/\/www.oitaperunense.com.br\/site\/wp-json\/wp\/v2\/pages\/384192\/revisions"}],"predecessor-version":[{"id":384194,"href":"https:\/\/www.oitaperunense.com.br\/site\/wp-json\/wp\/v2\/pages\/384192\/revisions\/384194"}],"wp:featuredmedia":[{"embeddable":true,"href":"https:\/\/www.oitaperunense.com.br\/site\/wp-json\/wp\/v2\/media\/384193"}],"wp:attachment":[{"href":"https:\/\/www.oitaperunense.com.br\/site\/wp-json\/wp\/v2\/media?parent=384192"}],"curies":[{"name":"wp","href":"https:\/\/api.w.org\/{rel}","templated":true}]}}