{"id":15,"date":"2011-08-26T14:11:51","date_gmt":"2011-08-26T14:11:51","guid":{"rendered":"http:\/\/www.oitaperunense.com.br\/site\/\/?page_id=15"},"modified":"2021-01-27T19:39:58","modified_gmt":"2021-01-27T22:39:58","slug":"sobre-muriae","status":"publish","type":"page","link":"https:\/\/www.oitaperunense.com.br\/site\/sobre-muriae\/","title":{"rendered":"Perfil"},"content":{"rendered":"<p style=\"text-align: justify;\">O Jornal O Itaperunense foi fundado em 1890 por Ant\u00f4nio Gaud\u00eancio Garcia. Tatarav\u00f4 de Andr\u00e9 Garcia, que reeditou suas p\u00e1ginas na d\u00e9cada de 1990, sendo o atual detentor da marca. Por muitos anos, o jornal levou a not\u00edcia em primeira m\u00e3o para milhares de leitores das regi\u00f5es Norte e Noroeste Fluminense. Agora, na vers\u00e3o online, os internautas poder\u00e3o acessar as principais not\u00edcias da regi\u00e3o na velocidade de um clique. Dentre as in\u00fameras editorias, Pol\u00edtica, Bairros, Rio de Janeiro, Brasil, Sa\u00fade, Meio Ambiente e muito mais. O Itaperunense, a verdade deve ser livre!<\/p>\n","protected":false},"excerpt":{"rendered":"<p>O Jornal O Itaperunense foi fundado em 1890 por Ant\u00f4nio Gaud\u00eancio Garcia. Tatarav\u00f4 de Andr\u00e9 Garcia, que reeditou suas p\u00e1ginas na d\u00e9cada de 1990, sendo o atual detentor da marca. Por muitos anos, o jornal levou a not\u00edcia em primeira m\u00e3o para milhares de leitores das regi\u00f5es Norte e Noroeste Fluminense. Agora, na vers\u00e3o online, [&hellip;]<\/p>\n","protected":false},"author":1,"featured_media":0,"parent":0,"menu_order":0,"comment_status":"closed","ping_status":"closed","template":"","meta":{"ngg_post_thumbnail":0,"footnotes":""},"class_list":["post-15","page","type-page","status-publish","hentry"],"yoast_head":"<!-- This site is optimized with the Yoast SEO plugin v20.11 - https:\/\/yoast.com\/wordpress\/plugins\/seo\/ -->\n<title>Perfil - O Itaperunense<\/title>\n<meta name=\"robots\" content=\"index, follow, max-snippet:-1, max-image-preview:large, max-video-preview:-1\" \/>\n<link rel=\"canonical\" href=\"https:\/\/www.oitaperunense.com.br\/site\/sobre-muriae\/\" \/>\n<meta property=\"og:locale\" content=\"pt_BR\" \/>\n<meta property=\"og:type\" content=\"article\" \/>\n<meta property=\"og:title\" content=\"Perfil - O Itaperunense\" \/>\n<meta property=\"og:description\" content=\"O Jornal O Itaperunense foi fundado em 1890 por Ant\u00f4nio Gaud\u00eancio Garcia. Tatarav\u00f4 de Andr\u00e9 Garcia, que reeditou suas p\u00e1ginas na d\u00e9cada de 1990, sendo o atual detentor da marca. Por muitos anos, o jornal levou a not\u00edcia em primeira m\u00e3o para milhares de leitores das regi\u00f5es Norte e Noroeste Fluminense. Agora, na vers\u00e3o online, [&hellip;]\" \/>\n<meta property=\"og:url\" content=\"https:\/\/www.oitaperunense.com.br\/site\/sobre-muriae\/\" \/>\n<meta property=\"og:site_name\" content=\"O Itaperunense\" \/>\n<meta property=\"article:publisher\" content=\"https:\/\/www.facebook.com\/jornaloitaperunense\" \/>\n<meta property=\"article:modified_time\" content=\"2021-01-27T22:39:58+00:00\" \/>\n<meta name=\"twitter:card\" content=\"summary_large_image\" \/>\n<meta name=\"twitter:label1\" content=\"Est. tempo de leitura\" \/>\n\t<meta name=\"twitter:data1\" content=\"1 minuto\" \/>\n<script type=\"application\/ld+json\" class=\"yoast-schema-graph\">{\"@context\":\"https:\/\/schema.org\",\"@graph\":[{\"@type\":\"WebPage\",\"@id\":\"https:\/\/www.oitaperunense.com.br\/site\/sobre-muriae\/\",\"url\":\"https:\/\/www.oitaperunense.com.br\/site\/sobre-muriae\/\",\"name\":\"Perfil - O Itaperunense\",\"isPartOf\":{\"@id\":\"https:\/\/www.oitaperunense.com.br\/site\/#website\"},\"datePublished\":\"2011-08-26T14:11:51+00:00\",\"dateModified\":\"2021-01-27T22:39:58+00:00\",\"breadcrumb\":{\"@id\":\"https:\/\/www.oitaperunense.com.br\/site\/sobre-muriae\/#breadcrumb\"},\"inLanguage\":\"pt-BR\",\"potentialAction\":[{\"@type\":\"ReadAction\",\"target\":[\"https:\/\/www.oitaperunense.com.br\/site\/sobre-muriae\/\"]}]},{\"@type\":\"BreadcrumbList\",\"@id\":\"https:\/\/www.oitaperunense.com.br\/site\/sobre-muriae\/#breadcrumb\",\"itemListElement\":[{\"@type\":\"ListItem\",\"position\":1,\"name\":\"Home\",\"item\":\"https:\/\/www.oitaperunense.com.br\/site\/\"},{\"@type\":\"ListItem\",\"position\":2,\"name\":\"Perfil\"}]},{\"@type\":\"WebSite\",\"@id\":\"https:\/\/www.oitaperunense.com.br\/site\/#website\",\"url\":\"https:\/\/www.oitaperunense.com.br\/site\/\",\"name\":\"O Itaperunense\",\"description\":\"\",\"potentialAction\":[{\"@type\":\"SearchAction\",\"target\":{\"@type\":\"EntryPoint\",\"urlTemplate\":\"https:\/\/www.oitaperunense.com.br\/site\/?s={search_term_string}\"},\"query-input\":\"required name=search_term_string\"}],\"inLanguage\":\"pt-BR\"}]}<\/script>\n<!-- \/ Yoast SEO plugin. -->","yoast_head_json":{"title":"Perfil - O Itaperunense","robots":{"index":"index","follow":"follow","max-snippet":"max-snippet:-1","max-image-preview":"max-image-preview:large","max-video-preview":"max-video-preview:-1"},"canonical":"https:\/\/www.oitaperunense.com.br\/site\/sobre-muriae\/","og_locale":"pt_BR","og_type":"article","og_title":"Perfil - O Itaperunense","og_description":"O Jornal O Itaperunense foi fundado em 1890 por Ant\u00f4nio Gaud\u00eancio Garcia. Tatarav\u00f4 de Andr\u00e9 Garcia, que reeditou suas p\u00e1ginas na d\u00e9cada de 1990, sendo o atual detentor da marca. Por muitos anos, o jornal levou a not\u00edcia em primeira m\u00e3o para milhares de leitores das regi\u00f5es Norte e Noroeste Fluminense. Agora, na vers\u00e3o online, [&hellip;]","og_url":"https:\/\/www.oitaperunense.com.br\/site\/sobre-muriae\/","og_site_name":"O Itaperunense","article_publisher":"https:\/\/www.facebook.com\/jornaloitaperunense","article_modified_time":"2021-01-27T22:39:58+00:00","twitter_card":"summary_large_image","twitter_misc":{"Est. tempo de leitura":"1 minuto"},"schema":{"@context":"https:\/\/schema.org","@graph":[{"@type":"WebPage","@id":"https:\/\/www.oitaperunense.com.br\/site\/sobre-muriae\/","url":"https:\/\/www.oitaperunense.com.br\/site\/sobre-muriae\/","name":"Perfil - O Itaperunense","isPartOf":{"@id":"https:\/\/www.oitaperunense.com.br\/site\/#website"},"datePublished":"2011-08-26T14:11:51+00:00","dateModified":"2021-01-27T22:39:58+00:00","breadcrumb":{"@id":"https:\/\/www.oitaperunense.com.br\/site\/sobre-muriae\/#breadcrumb"},"inLanguage":"pt-BR","potentialAction":[{"@type":"ReadAction","target":["https:\/\/www.oitaperunense.com.br\/site\/sobre-muriae\/"]}]},{"@type":"BreadcrumbList","@id":"https:\/\/www.oitaperunense.com.br\/site\/sobre-muriae\/#breadcrumb","itemListElement":[{"@type":"ListItem","position":1,"name":"Home","item":"https:\/\/www.oitaperunense.com.br\/site\/"},{"@type":"ListItem","position":2,"name":"Perfil"}]},{"@type":"WebSite","@id":"https:\/\/www.oitaperunense.com.br\/site\/#website","url":"https:\/\/www.oitaperunense.com.br\/site\/","name":"O Itaperunense","description":"","potentialAction":[{"@type":"SearchAction","target":{"@type":"EntryPoint","urlTemplate":"https:\/\/www.oitaperunense.com.br\/site\/?s={search_term_string}"},"query-input":"required name=search_term_string"}],"inLanguage":"pt-BR"}]}},"_links":{"self":[{"href":"https:\/\/www.oitaperunense.com.br\/site\/wp-json\/wp\/v2\/pages\/15","targetHints":{"allow":["GET"]}}],"collection":[{"href":"https:\/\/www.oitaperunense.com.br\/site\/wp-json\/wp\/v2\/pages"}],"about":[{"href":"https:\/\/www.oitaperunense.com.br\/site\/wp-json\/wp\/v2\/types\/page"}],"author":[{"embeddable":true,"href":"https:\/\/www.oitaperunense.com.br\/site\/wp-json\/wp\/v2\/users\/1"}],"replies":[{"embeddable":true,"href":"https:\/\/www.oitaperunense.com.br\/site\/wp-json\/wp\/v2\/comments?post=15"}],"version-history":[{"count":3,"href":"https:\/\/www.oitaperunense.com.br\/site\/wp-json\/wp\/v2\/pages\/15\/revisions"}],"predecessor-version":[{"id":382907,"href":"https:\/\/www.oitaperunense.com.br\/site\/wp-json\/wp\/v2\/pages\/15\/revisions\/382907"}],"wp:attachment":[{"href":"https:\/\/www.oitaperunense.com.br\/site\/wp-json\/wp\/v2\/media?parent=15"}],"curies":[{"name":"wp","href":"https:\/\/api.w.org\/{rel}","templated":true}]}}